{"id":1974,"date":"2018-08-09T14:08:33","date_gmt":"2018-08-09T12:08:33","guid":{"rendered":"http:\/\/naukowka.pl\/?page_id=1974"},"modified":"2018-08-09T14:08:33","modified_gmt":"2018-08-09T12:08:33","slug":"polityka-prywatnosci","status":"publish","type":"page","link":"https:\/\/naukowka.pl\/index.php\/polityka-prywatnosci\/","title":{"rendered":"Polityka prywatno\u015bci"},"content":{"rendered":"<h1><strong>Dzie\u0144 dobry,<\/strong><\/h1>\n<p>Wiem, \u017ce le\u017cy Ci na sercu poszanowanie Twoich danych osobowych, dlatego wszystko Ci tutaj wyt\u0142umacz\u0119.<\/p>\n<p>Administratorem strony naukowka.pl jest osoba fizyczna, czyli ja, Paulina J\u0119drak. W razie jakichkolwiek w\u0105tpliwo\u015bci zwi\u0105zanych z polityk\u0105 prywatno\u015bci, w ka\u017cdej chwili mo\u017cesz skontaktowa\u0107 si\u0119 ze mn\u0105, wysy\u0142aj\u0105c wiadomo\u015b\u0107 na adres: kontakt@naukowka.pl<\/p>\n<h3><strong>Najwa\u017cniejsze informacje<\/strong><\/h3>\n<ul>\n<li>Zapisuj\u0105c si\u0119 do newslettera, dodaj\u0105c komentarz lub pisz\u0105c do mnie wiadomo\u015b\u0107, przekazujesz mi swoje dane osobowe, kt\u00f3re pozostan\u0105 poufne, bezpieczne i nie zostan\u0105 udost\u0119pnione \u017cadnym podmiotom trzecim bez Twojej wyra\u017anej zgody.<\/li>\n<li>Korzystam z narz\u0119dzi analitycznych, takich jak Google Analytics, kt\u00f3re zbieraj\u0105 anonimowe informacje na temat Twoich odwiedzin strony, takie jak podstrony, kt\u00f3re wy\u015bwietli\u0142e\u015b, czas, jaki sp\u0119dzi\u0142e\u015b na stronie czy przej\u015bcia pomi\u0119dzy poszczeg\u00f3lnymi podstronami. Wi\u0105\u017ce si\u0119 to z wykorzystaniem plik\u00f3w cookies firmy Google.<\/li>\n<li>Zapewniam mo\u017cliwo\u015b\u0107 korzystania z funkcji spo\u0142eczno\u015bciowych, takich jak udost\u0119pnianie tre\u015bci w serwisach spo\u0142eczno\u015bciowych oraz subskrypcja profilu spo\u0142eczno\u015bciowego. Korzystanie z tych funkcji mo\u017ce wi\u0105za\u0107 si\u0119 z wykorzystywaniem plik\u00f3w cookies administrator\u00f3w serwis\u00f3w spo\u0142eczno\u015bciowych takich jak Facebook, Instagram, YouTube, Twitter, LinkedIN.<\/li>\n<li>Osadzam na stronach wideo z serwisu YouTube. W tym celu wykorzystywane s\u0105 pliki cookies firmy Google LLC dotycz\u0105ce us\u0142ugi YouTube.<\/li>\n<li>Korzystam z systemu komentarzy Disqus, kt\u00f3ry wykorzystuje pliki cookies.<\/li>\n<li>Wykorzystuj\u0119 w\u0142asne pliki cookies w celu prawid\u0142owego dzia\u0142ania strony.<\/li>\n<\/ul>\n<p>Je\u017celi chcesz pozna\u0107 wi\u0119cej szczeg\u00f3\u0142\u00f3w, czytaj dalej.<\/p>\n<h3><strong>Dane osobowe<\/strong><\/h3>\n<p>Administratorem Twoich danych osobowych w rozumieniu przepis\u00f3w o ochronie danych osobowych jest osoba fizyczna &#8211; Paulina J\u0119drak.<\/p>\n<p>Cele, podstawy prawne oraz okres przetwarzania danych osobowych wskazane s\u0105 odr\u0119bnie w stosunku do ka\u017cdego celu przetwarzania danych (patrz: opis poszczeg\u00f3lnych cel\u00f3w przetwarzania danych osobowych poni\u017cej).<\/p>\n<p>Uprawnienia. RODO przyznaje Ci nast\u0119puj\u0105ce potencjalne uprawnienia zwi\u0105zane z przetwarzaniem Twoich danych osobowych:<\/p>\n<ol>\n<li>prawo do \u017c\u0105dania dost\u0119pu do swoich danych osobowych, ich sprostowania, usuni\u0119cia lub ograniczenia przetwarzania,<\/li>\n<li>prawo do wniesienia sprzeciwu wobec przetwarzania,<\/li>\n<li>prawo do przenoszenia danych,<\/li>\n<li>prawo do cofni\u0119cia zgody na przetwarzanie danych osobowych w okre\u015blonym celu, je\u017celi uprzednio wyrazi\u0142e\u015b tak\u0105 zgod\u0119,<\/li>\n<li>prawo do wniesienia skargi do organu nadzorczego w zwi\u0105zku z przetwarzaniem przeze mnie danych osobowych.<\/li>\n<\/ol>\n<p>Powy\u017csze uprawnienia mo\u017cesz realizowa\u0107 zgodnie z zasadami opisanymi w art. 16 \u2013 21 RODO, kontaktuj\u0105c si\u0119 ze mn\u0105 pod adresem kontakt@naukowka.pl<\/p>\n<p>Podanie przez Ciebie danych osobowych jest zawsze dobrowolne, ale niezb\u0119dne, by zapisa\u0107 si\u0119 do newslettera, doda\u0107 komentarz na blogu lub skontaktowa\u0107 si\u0119 ze mn\u0105. Gwarantuj\u0119 Ci poufno\u015b\u0107 wszelkich przekazanych mi danych osobowych. Zapewniam podj\u0119cie wszelkich \u015brodk\u00f3w bezpiecze\u0144stwa i ochrony danych osobowych wymaganych przez przepisy o ochronie danych osobowych. Dane osobowe s\u0105 gromadzone z nale\u017cyt\u0105 staranno\u015bci\u0105 i odpowiednio chronione przed dost\u0119pem do nich przez osoby do tego nieupowa\u017cnione.<\/p>\n<h3><strong>Cele i czynno\u015bci przetwarzania<\/strong><\/h3>\n<h4><strong>Newsletter<\/strong><\/h4>\n<p>Za po\u015brednictwem strony mo\u017cesz zapisa\u0107 si\u0119 do newslettera zawieraj\u0105cego informacje o nowych postach lub dodatkowych narz\u0119dziach zwi\u0105zanych z moj\u0105 aktywno\u015bci\u0105 w Internecie. W celu przesy\u0142ania newslettera, przetwarzane s\u0105 Twoje dane osobowe w zakresie imienia i adresu e-mail.<\/p>\n<p>Podstaw\u0105 prawn\u0105 przetwarzania Twoich danych osobowych w przypadku newslettera jest Twoja zgoda wyra\u017cona poprzez zaznaczenie stosownej tre\u015bci checkboxa przy zapisywaniu si\u0119 do newslettera. Tak\u0105 zgod\u0119 mo\u017cesz w ka\u017cdej chwili wycofa\u0107, rezygnuj\u0105c z otrzymywania newslettera.<\/p>\n<p>Dane przetwarzane s\u0105 przez czas funkcjonowania newslettera, chyba, \u017ce zrezygnujesz z otrzymywania newslettera, co spowoduje usuni\u0119cie danych z bazy.<\/p>\n<h4><strong>Komentarze<\/strong><\/h4>\n<p>Je\u017celi chcesz doda\u0107 komentarz na blogu, musisz wype\u0142ni\u0107 formularz i poda\u0107 w nim sw\u00f3j adres e-mail oraz imi\u0119. Podanie danych jest dobrowolne, ale niezb\u0119dne, by doda\u0107 komentarz. System komentarzy obs\u0142ugiwany jest przez firm\u0119 Disqus Inc. Disqus jest samodzielnym administratorem Twoich danych osobowych, a korzystanie z systemu odbywa si\u0119 na podstawie akceptacji przez Ciebie regulaminu \u015bwiadczenia us\u0142ug przez Disqus. Dane przekazane podczas dodawania komentarza wykorzystywane s\u0105 w celu opublikowania komentarza na blog, a podstaw\u0105 prawn\u0105 ich przetwarzania jest Twoja zgoda (art. 6 ust. 1 lit. a RODO) wynikaj\u0105ca z dodania komentarza. Dane b\u0119d\u0105 przetwarzane przez czas funkcjonowania komentarzy na blogu, chyba \u017ce wcze\u015bniej poprosisz o usuni\u0119cie komentarza, co spowoduje usuni\u0119cie Twoich danych z bazy. W ka\u017cdej chwili mo\u017cesz sprostowa\u0107 swoje dane przypisane do komentarza, jak r\u00f3wnie\u017c za\u017c\u0105da\u0107 ich usuni\u0119cia. Przys\u0142uguje Ci r\u00f3wnie\u017c prawo do przenoszenia danych, o kt\u00f3rym mowa w art. 20 RODO. Uprawnienia te mo\u017cesz realizowa\u0107 bezpo\u015brednio w ramach swojego konta u\u017cytkownika w systemie Disqus.<\/p>\n<h4><strong>Kontakt e-mailowy<\/strong><\/h4>\n<p>Kontaktuj\u0105c si\u0119 ze mn\u0105 za po\u015brednictwem poczty elektronicznej, przekazujesz mi sw\u00f3j adres e-mail jako adres nadawcy wiadomo\u015bci. Ponadto, w tre\u015bci wiadomo\u015bci mo\u017cesz zawrze\u0107 r\u00f3wnie\u017c inne dane osobowe.<\/p>\n<p>Podstaw\u0105 prawn\u0105 przetwarzania danych osobowych w takim przypadku jest Twoja zgoda wynikaj\u0105ca z zainicjowania ze mn\u0105 kontaktu.<\/p>\n<p>Twoje dane osobowe przekazywane mi w ramach kontaktu e-mailowego przetwarzane s\u0105 wy\u0142\u0105cznie w celu obs\u0142ugi Twojego zapytania. Tre\u015b\u0107 korespondencji mo\u017ce podlega\u0107 archiwizacji.<\/p>\n<h4><strong>Pliki cookies i inne technologie \u015bledz\u0105ce<\/strong><\/h4>\n<p>Moja strona, podobnie jak niemal wszystkie inne strony internetowe, wykorzystuje pliki cookies. Cookies to niewielkie informacje tekstowe, przechowywane na Twoim urz\u0105dzeniu ko\u0144cowym (np. komputerze, tablecie, smartfonie), kt\u00f3re mog\u0105 by\u0107 odczytywane przez m\u00f3j system teleinformatyczny lub system teleinformatyczny podmiot\u00f3w trzecich. Niekt\u00f3re u\u017cywane przeze mnie cookies s\u0105 usuwane po zako\u0144czeniu sesji przegl\u0105darki internetowej, tzn. po jej zamkni\u0119ciu. Inne cookies s\u0105 zachowywane na Twoim urz\u0105dzeniu ko\u0144cowym i umo\u017cliwiaj\u0105 mi rozpoznanie Twojej przegl\u0105darki przy kolejnym wej\u015bciu na stron\u0119.<\/p>\n<h4><strong>Analiza i statystyka<\/strong><\/h4>\n<p>Wykorzystuj\u0119 cookies do \u015bledzenia statystyk strony, takich jak liczba os\u00f3b odwiedzaj\u0105cych, rodzaj systemu operacyjnego i przegl\u0105darki internetowej wykorzystywanej do przegl\u0105dania strony, czas sp\u0119dzony na stronie, odwiedzone podstrony etc. Korzystam w tym zakresie z narz\u0119dzia Google Analytics. Zbierane w tym zakresie informacje s\u0105 ca\u0142kowicie anonimowe i nie pozwalaj\u0105 na Twoj\u0105 identyfikacj\u0119. W tym celu wykorzystywane s\u0105 pliki cookies firmy Google LLC dotycz\u0105ce us\u0142ugi Google Analytics.<\/p>\n<p>Korzystanie z us\u0142ug Google Analytics wi\u0105\u017ce si\u0119 z zaimplementowaniem w kodzie mojej strony udost\u0119pnionego przez Google kodu \u015bledz\u0105cego (tzw. tracking code). Kod ten bazuje na plikach cookies, ale mo\u017ce wykorzystywa\u0107 r\u00f3wnie\u017c inne technologie \u015bledz\u0105ce.<\/p>\n<p>Ze wzgl\u0119du na korzystanie z systemu Google Analytics, kt\u00f3ry korzysta z serwer\u00f3w znajduj\u0105cych si\u0119 poza Uni\u0105 Europejsk\u0105, dochodzi do przekazania Twoich danych osobowych do pa\u0144stwa trzeciego, jakim w tym wypadku jest Stany Zjednoczone Ameryki (USA). Nie obawiaj si\u0119, Twoje dane s\u0105 bezpieczne. Dostawca systemu gwarantuje odpowiedni poziom ochrony i bezpiecze\u0144stwa danych osobowych.<\/p>\n<h4><strong>Filmy z serwisu YouTube<\/strong><\/h4>\n<p>Na stronie osadzam filmy pochodz\u0105ce z serwisu YouTube. Wy\u015bwietlaj\u0105c taki film, godzisz si\u0119 na wykorzystywanie plik\u00f3w cookies firmy Google LLC dotycz\u0105cych us\u0142ugi YouTube.<\/p>\n<h4><strong>Funkcje spo\u0142eczno\u015bciowe<\/strong><\/h4>\n<p>Zapewniam mo\u017cliwo\u015b\u0107 korzystania z funkcji spo\u0142eczno\u015bciowych, takich jak udost\u0119pnianie tre\u015bci w serwisach spo\u0142eczno\u015bciowych oraz subskrypcja profilu spo\u0142eczno\u015bciowego. Korzystanie z tych funkcji wi\u0105\u017ce si\u0119 z wykorzystywaniem plik\u00f3w cookies administrator\u00f3w serwis\u00f3w spo\u0142eczno\u015bciowych takich jak Facebook, Instagram, YouTube.<\/p>\n<h4><strong>Logi serwera<\/strong><\/h4>\n<p>Korzystanie ze strony wi\u0105\u017ce si\u0119 z przesy\u0142aniem zapyta\u0144 do serwera, na kt\u00f3rym przechowywana jest strona. Ka\u017cde zapytanie skierowane do serwera zapisywane jest w logach serwera.<\/p>\n<p>Logi obejmuj\u0105 m.in. Tw\u00f3j adres IP, dat\u0119 i czas serwera, informacje o przegl\u0105darce internetowej i systemie operacyjnym, z jakiego korzystasz. Logi zapisywane i przechowywane s\u0105 na serwerze.<\/p>\n<p>Dane zapisane w logach serwera nie s\u0105 kojarzone z konkretnymi osobami korzystaj\u0105cymi ze serwisu i nie s\u0105 wykorzystywane przeze mnie w celu Twojej identyfikacji.<\/p>\n<p>Logi serwera stanowi\u0105 wy\u0142\u0105cznie materia\u0142 pomocniczy s\u0142u\u017c\u0105cy do administrowania stron\u0105 a ich zawarto\u015b\u0107 nie jest ujawniana nikomu poza osobami upowa\u017cnionymi do administrowania serwerem.<\/p>\n<p>&nbsp;<\/p>\n<p>&nbsp;<\/p>\n<!-- AddThis Advanced Settings generic via filter on the_content --><!-- AddThis Share Buttons generic via filter on the_content -->","protected":false},"excerpt":{"rendered":"<p>Dzie\u0144 dobry, Wiem, \u017ce le\u017cy Ci na sercu poszanowanie Twoich danych osobowych, dlatego wszystko Ci tutaj wyt\u0142umacz\u0119. Administratorem strony naukowka.pl jest osoba fizyczna, czyli ja, Paulina J\u0119drak. W razie jakichkolwiek w\u0105tpliwo\u015bci zwi\u0105zanych z polityk\u0105 prywatno\u015bci, w ka\u017cdej chwili mo\u017cesz skontaktowa\u0107 si\u0119 ze mn\u0105, wysy\u0142aj\u0105c wiadomo\u015b\u0107 na adres: kontakt@naukowka.pl Najwa\u017cniejsze informacje Zapisuj\u0105c si\u0119 do newslettera, dodaj\u0105c [&hellip;]<!-- AddThis Advanced Settings generic via filter on wp_trim_excerpt --><!-- AddThis Share Buttons generic via filter on wp_trim_excerpt --><\/p>\n","protected":false},"author":1,"featured_media":0,"parent":0,"menu_order":0,"comment_status":"closed","ping_status":"closed","template":"","meta":{"jetpack_post_was_ever_published":false,"footnotes":""},"aioseo_notices":[],"jetpack_sharing_enabled":true,"jetpack_shortlink":"https:\/\/wp.me\/P9dSie-vQ","jetpack_likes_enabled":true,"jetpack-related-posts":[{"id":2189,"url":"https:\/\/naukowka.pl\/index.php\/wspolpraca\/","url_meta":{"origin":1974,"position":0},"title":"Wsp\u00f3\u0142praca","author":"naukowka.pl","date":"20 sierpnia 2019","format":false,"excerpt":"Jestem doktorem nauk biologicznych oraz specjalistk\u0105 od PR i medi\u00f3w spo\u0142eczno\u015bciowych specjalizuj\u0105c\u0105 si\u0119 w tematach zwi\u0105zanych z nauk\u0105 i edukacj\u0105. R\u00f3\u017cnorodno\u015b\u0107 mojego do\u015bwiadczenia pozwala mi wype\u0142nia\u0107 mieszank\u0119 potrzeb \u015brodowiska naukowc\u00f3w, marketingowc\u00f3w, czy dziennikarzy. Szkoli\u0142am si\u0119 z komunikacji naukowej, wyst\u0119p\u00f3w medialnych, wykorzystania tzw. nowych medi\u00f3w do promocji nauki, tworzeniu reklam w\u2026","rel":"","context":"Similar post","block_context":{"text":"Similar post","link":""},"img":{"alt_text":"autorka w studiu Pytania na \u00c5\u009bniadanie","src":"https:\/\/i0.wp.com\/naukowka.pl\/wp-content\/uploads\/2019\/08\/68296974_2447759528838938_3503727942326812672_n.png?resize=350%2C200","width":350,"height":200,"srcset":"https:\/\/i0.wp.com\/naukowka.pl\/wp-content\/uploads\/2019\/08\/68296974_2447759528838938_3503727942326812672_n.png?resize=350%2C200 1x, https:\/\/i0.wp.com\/naukowka.pl\/wp-content\/uploads\/2019\/08\/68296974_2447759528838938_3503727942326812672_n.png?resize=525%2C300 1.5x, https:\/\/i0.wp.com\/naukowka.pl\/wp-content\/uploads\/2019\/08\/68296974_2447759528838938_3503727942326812672_n.png?resize=700%2C400 2x"},"classes":[]},{"id":31,"url":"https:\/\/naukowka.pl\/index.php\/o-mnie\/","url_meta":{"origin":1974,"position":1},"title":"O mnie","author":"naukowka.pl","date":"3 sierpnia 2017","format":false,"excerpt":"Cze\u015b\u0107! Bardzo mi\u0142o Ci\u0119 tu widzie\u0107! Nazywam si\u0119 Paulina Mozolewska i jestem doktork\u0105 nauk biologicznych oraz dziennikark\u0105 naukow\u0105. Rok temu postanowi\u0142am zmieni\u0107 swoje \u017cycie, a swoimi przygodami na trasie podzieli\u0107 si\u0119 w\u0142a\u015bnie z Tob\u0105. Zanim jednak zacz\u0119\u0142o by\u0107 to mo\u017cliwe, musia\u0142am zrobi\u0107 wiele ma\u0142ych kroczk\u00f3w, kt\u00f3re pozwoli\u0142y mi przekszta\u0142ci\u0107 si\u0119\u2026","rel":"","context":"Similar post","block_context":{"text":"Similar post","link":""},"img":{"alt_text":"Dr Paulina Mozolewska - Szukam sposob\u00f3w na lepsze \u017cycie","src":"https:\/\/i0.wp.com\/naukowka.pl\/wp-content\/uploads\/2024\/02\/cropped-Beige-Aesthetic-Realistic-Brand-Mood-Board-Film-Photo-Collage-Facebook-Cover-2.png?fit=399%2C200&ssl=1&resize=350%2C200","width":350,"height":200},"classes":[]}],"_links":{"self":[{"href":"https:\/\/naukowka.pl\/index.php\/wp-json\/wp\/v2\/pages\/1974"}],"collection":[{"href":"https:\/\/naukowka.pl\/index.php\/wp-json\/wp\/v2\/pages"}],"about":[{"href":"https:\/\/naukowka.pl\/index.php\/wp-json\/wp\/v2\/types\/page"}],"author":[{"embeddable":true,"href":"https:\/\/naukowka.pl\/index.php\/wp-json\/wp\/v2\/users\/1"}],"replies":[{"embeddable":true,"href":"https:\/\/naukowka.pl\/index.php\/wp-json\/wp\/v2\/comments?post=1974"}],"version-history":[{"count":1,"href":"https:\/\/naukowka.pl\/index.php\/wp-json\/wp\/v2\/pages\/1974\/revisions"}],"predecessor-version":[{"id":1975,"href":"https:\/\/naukowka.pl\/index.php\/wp-json\/wp\/v2\/pages\/1974\/revisions\/1975"}],"wp:attachment":[{"href":"https:\/\/naukowka.pl\/index.php\/wp-json\/wp\/v2\/media?parent=1974"}],"curies":[{"name":"wp","href":"https:\/\/api.w.org\/{rel}","templated":true}]}}