{"id":2189,"date":"2019-08-20T18:55:02","date_gmt":"2019-08-20T16:55:02","guid":{"rendered":"http:\/\/naukowka.pl\/?page_id=2189"},"modified":"2019-08-20T19:00:25","modified_gmt":"2019-08-20T17:00:25","slug":"wspolpraca","status":"publish","type":"page","link":"https:\/\/naukowka.pl\/index.php\/wspolpraca\/","title":{"rendered":"Wsp\u00f3\u0142praca"},"content":{"rendered":"<p>Jestem <strong>doktorem nauk biologicznych oraz specjalistk\u0105 od PR i medi\u00f3w spo\u0142eczno\u015bciowych<\/strong> specjalizuj\u0105c\u0105 si\u0119 w tematach zwi\u0105zanych z <strong>nauk\u0105 i edukacj\u0105<\/strong>. R\u00f3\u017cnorodno\u015b\u0107 mojego do\u015bwiadczenia pozwala mi wype\u0142nia\u0107 mieszank\u0119 potrzeb \u015brodowiska naukowc\u00f3w, marketingowc\u00f3w, czy dziennikarzy. Szkoli\u0142am si\u0119 z komunikacji naukowej, wyst\u0119p\u00f3w medialnych, wykorzystania tzw. nowych medi\u00f3w do promocji nauki, tworzeniu reklam w mediach spo\u0142eczno\u015bciowych oraz przepisach zwi\u0105zanych z RODO.<\/p>\n<p><img loading=\"lazy\" decoding=\"async\" data-attachment-id=\"2190\" data-permalink=\"https:\/\/naukowka.pl\/index.php\/wspolpraca\/68296974_2447759528838938_3503727942326812672_n\/\" data-orig-file=\"https:\/\/i0.wp.com\/naukowka.pl\/wp-content\/uploads\/2019\/08\/68296974_2447759528838938_3503727942326812672_n.png?fit=960%2C960&amp;ssl=1\" data-orig-size=\"960,960\" data-comments-opened=\"1\" data-image-meta=\"{&quot;aperture&quot;:&quot;0&quot;,&quot;credit&quot;:&quot;&quot;,&quot;camera&quot;:&quot;&quot;,&quot;caption&quot;:&quot;&quot;,&quot;created_timestamp&quot;:&quot;0&quot;,&quot;copyright&quot;:&quot;&quot;,&quot;focal_length&quot;:&quot;0&quot;,&quot;iso&quot;:&quot;0&quot;,&quot;shutter_speed&quot;:&quot;0&quot;,&quot;title&quot;:&quot;&quot;,&quot;orientation&quot;:&quot;0&quot;}\" data-image-title=\"68296974_2447759528838938_3503727942326812672_n\" data-image-description=\"\" data-image-caption=\"\" data-medium-file=\"https:\/\/i0.wp.com\/naukowka.pl\/wp-content\/uploads\/2019\/08\/68296974_2447759528838938_3503727942326812672_n.png?fit=300%2C300&amp;ssl=1\" data-large-file=\"https:\/\/i0.wp.com\/naukowka.pl\/wp-content\/uploads\/2019\/08\/68296974_2447759528838938_3503727942326812672_n.png?fit=697%2C697&amp;ssl=1\" class=\"aligncenter wp-image-2190\" src=\"https:\/\/i0.wp.com\/naukowka.pl\/wp-content\/uploads\/2019\/08\/68296974_2447759528838938_3503727942326812672_n.png?resize=697%2C697\" alt=\"autorka w studiu Pytania na \u015bniadanie\" width=\"697\" height=\"697\" srcset=\"https:\/\/i0.wp.com\/naukowka.pl\/wp-content\/uploads\/2019\/08\/68296974_2447759528838938_3503727942326812672_n.png?w=960&amp;ssl=1 960w, https:\/\/i0.wp.com\/naukowka.pl\/wp-content\/uploads\/2019\/08\/68296974_2447759528838938_3503727942326812672_n.png?resize=150%2C150&amp;ssl=1 150w, https:\/\/i0.wp.com\/naukowka.pl\/wp-content\/uploads\/2019\/08\/68296974_2447759528838938_3503727942326812672_n.png?resize=300%2C300&amp;ssl=1 300w, https:\/\/i0.wp.com\/naukowka.pl\/wp-content\/uploads\/2019\/08\/68296974_2447759528838938_3503727942326812672_n.png?resize=768%2C768&amp;ssl=1 768w\" sizes=\"(max-width: 697px) 100vw, 697px\" data-recalc-dims=\"1\" \/><\/p>\n<p style=\"text-align: center;\">Jakie formy wsp\u00f3\u0142pracy oferuj\u0119? Je\u015bli czujesz, \u017ce mog\u0142abym Ci w czym\u015b pom\u00f3c, \u015bmia\u0142o napisz do mnie na<\/p>\n<p style=\"text-align: center;\"><strong>kontakt@naukowka.pl <\/strong><\/p>\n<p>Porozmawiamy i zobaczymy, czy b\u0119d\u0119 mog\u0142a si\u0119 do czego\u015b przyda\u0107. Poni\u017cej znajdziesz niekt\u00f3re z proponowanych przeze mnie form wsp\u00f3\u0142pracy.<\/p>\n<ul>\n<li>\n<h2>Artyku\u0142y\/wyk\u0142ady popularnonaukowe<\/h2>\n<\/li>\n<\/ul>\n<p>Je\u015bli chcesz, abym przygotowa\u0142a dla Ciebie artyku\u0142 lub wyk\u0142ad popularnonaukowy, musisz wiedzie\u0107, \u017ce pisz\u0119 jedynie <strong>na podstawie rzetelnych bada\u0144 naukowych<\/strong>. Przygotowuj\u0105c materia\u0142, zerkam na problem z r\u00f3\u017cnych punkt\u00f3w widzenia, ale nie gubi\u0119 naukowego obiektywizmu. Pisz\u0119 teksty pod <strong>SEO<\/strong>, jednak wyznaj\u0119 zasad\u0119, \u017ce to <strong>tre\u015b\u0107 jest najlepiej pozycjonowan\u0105 warto\u015bci\u0105<\/strong>. Specjalizuj\u0119 si\u0119 w genetyce, biologii molekularnej, czy zagadnieniach zwi\u0105zanych z ludzkimi chorobami. Nie boj\u0119 si\u0119 obszar\u00f3w trudnych i kontrowersyjnych. Jestem wprawn\u0105 wojowniczk\u0105 z nieprawdziwymi informacjami oraz pseudonauk\u0105. Moim drug\u0105 specjalizacj\u0105, s\u0105 problemy \u015brodowiska oraz wp\u0142yw dzia\u0142alno\u015bci ludzkiej na zmian\u0119 klimatu (g\u0142\u00f3wnie w aspekcie zwi\u0105zanym z \u017cyciem w morzach i oceanach).<\/p>\n<ul>\n<li>\n<h2>Doradztwo w zakresie promocji nauki w mediach spo\u0142eczno\u015bciowych i tradycyjnych<\/h2>\n<\/li>\n<\/ul>\n<p>Je\u017celi tak jak ja dostrzegasz <strong>potencja\u0142 w wykorzystaniu medi\u00f3w spo\u0142eczno\u015bciowych do promocji dzia\u0142alno\u015bci naukowej<\/strong> oraz kreowaniu wizerunku specjalisty to jeste\u015b ju\u017c dwa kroki przed innymi. Ch\u0119tnie pomog\u0119 Ci wykorzysta\u0107 te mo\u017cliwo\u015bci i wypromowa\u0107 Twoj\u0105 dzia\u0142alno\u015b\u0107 w poszanowaniu Twoich potrzeb jako naukowca. Pomog\u0119 w utworzeniu strategii<strong> Twojej marki osobistej<\/strong> (bo niezale\u017cnie od tego, czym si\u0119 zajmujesz, tworzysz mark\u0119 osobist\u0105). Naucz\u0119 Ci\u0119 jak korzysta\u0107 z bezp\u0142atnych oraz p\u0142atnych narz\u0119dzi internetowych. Podpowiem jak z\u0142apa\u0107 uwag\u0119 medi\u00f3w, przygotowa\u0107 profesjonaln\u0105 informacj\u0119 prasow\u0105, czy przygotowa\u0107 si\u0119 do medialnego wyst\u0105pienia.<\/p>\n<ul>\n<li>\n<h2>Szkolenia z komunikacji naukowej<\/h2>\n<\/li>\n<\/ul>\n<p>Je\u015bli chcia\u0142by\u015b zorganizowa\u0107 w swojej jednostce naukowej szkolenie dotycz\u0105ce komunikacji naukowej, to dobrze trafi\u0142e\u015b! Po ustaleniu, jakie s\u0105 Twoje najwi\u0119ksze potrzeby w tym zakresie, dostosuj\u0119 tre\u015b\u0107 szkolenia zar\u00f3wno do Twoich potrzeb, jak i og\u00f3lnego poziomu grupy. Mo\u017cemy porozmawia\u0107<strong> jak przygotowa\u0107 porywaj\u0105c\u0105 wypowied\u017a, czy jak napisa\u0107 przykuwaj\u0105cy uwag\u0119 tekst.<\/strong> Mo\u017cemy porozmawia\u0107 o tym, na co zwr\u00f3ci\u0107 uwag\u0119 podczas promocji swoich dokona\u0144 i jak wsp\u00f3\u0142pracowa\u0107 z biurem promocji Twojej jednostki. Masz inny ciekawy pomys\u0142 na przebieg szkolenia?<strong> Napisz, ch\u0119tnie przygotuj\u0119 co\u015b specjalnie dla Ciebie.<\/strong><\/p>\n<ul>\n<li>\n<h2>Ustawienie reklamy w mediach spo\u0142eczno\u015bciowych<\/h2>\n<\/li>\n<\/ul>\n<p>Chcesz wypromowa\u0107 konferencj\u0119 lub inne wydarzenie naukowe? Mog\u0119 pom\u00f3c Ci w zaprojektowaniu <strong>harmonogramu promocyjnego<\/strong> oraz utworz\u0119 dla Ciebie <strong>reklam\u0119 w mediach spo\u0142eczno\u015bciowych,<\/strong> kt\u00f3ra trafi wprost do Twojej grupy docelowej.<\/p>\n<ul>\n<li>\n<h2>Reklama produkt\u00f3w i us\u0142ug<\/h2>\n<\/li>\n<\/ul>\n<p>Je\u015bli chcesz, abym przygotowa\u0142a post reklamowy skrojony na Twoje zam\u00f3wienie, nie marnuj czasu na kontakt ze mn\u0105. Takich ustawionych materia\u0142\u00f3w nie stworz\u0119. <strong>Masz inny pomys\u0142? Napisz i porozmawiamy.<\/strong><\/p>\n<p>&nbsp;<\/p>\n<p style=\"text-align: center;\"><strong>\u015aciskam!<\/strong><\/p>\n<h2>[mailerlite_form form_id=1]<\/h2>\n<p>&nbsp;<\/p>\n<!-- AddThis Advanced Settings generic via filter on the_content --><!-- AddThis Share Buttons generic via filter on the_content -->","protected":false},"excerpt":{"rendered":"<p>Jestem doktorem nauk biologicznych oraz specjalistk\u0105 od PR i medi\u00f3w spo\u0142eczno\u015bciowych specjalizuj\u0105c\u0105 si\u0119 w tematach zwi\u0105zanych z nauk\u0105 i edukacj\u0105. R\u00f3\u017cnorodno\u015b\u0107 mojego do\u015bwiadczenia pozwala mi wype\u0142nia\u0107 mieszank\u0119 potrzeb \u015brodowiska naukowc\u00f3w, marketingowc\u00f3w, czy dziennikarzy. Szkoli\u0142am si\u0119 z komunikacji naukowej, wyst\u0119p\u00f3w medialnych, wykorzystania tzw. nowych medi\u00f3w do promocji nauki, tworzeniu reklam w mediach spo\u0142eczno\u015bciowych oraz przepisach zwi\u0105zanych [&hellip;]<!-- AddThis Advanced Settings generic via filter on wp_trim_excerpt --><!-- AddThis Share Buttons generic via filter on wp_trim_excerpt --><\/p>\n","protected":false},"author":1,"featured_media":0,"parent":0,"menu_order":0,"comment_status":"closed","ping_status":"closed","template":"","meta":{"jetpack_post_was_ever_published":false,"footnotes":""},"aioseo_notices":[],"jetpack_sharing_enabled":true,"jetpack_shortlink":"https:\/\/wp.me\/P9dSie-zj","jetpack_likes_enabled":true,"jetpack-related-posts":[{"id":1974,"url":"https:\/\/naukowka.pl\/index.php\/polityka-prywatnosci\/","url_meta":{"origin":2189,"position":0},"title":"Polityka prywatno\u015bci","author":"naukowka.pl","date":"9 sierpnia 2018","format":false,"excerpt":"Dzie\u0144 dobry, Wiem, \u017ce le\u017cy Ci na sercu poszanowanie Twoich danych osobowych, dlatego wszystko Ci tutaj wyt\u0142umacz\u0119. Administratorem strony naukowka.pl jest osoba fizyczna, czyli ja, Paulina J\u0119drak. W razie jakichkolwiek w\u0105tpliwo\u015bci zwi\u0105zanych z polityk\u0105 prywatno\u015bci, w ka\u017cdej chwili mo\u017cesz skontaktowa\u0107 si\u0119 ze mn\u0105, wysy\u0142aj\u0105c wiadomo\u015b\u0107 na adres: kontakt@naukowka.pl Najwa\u017cniejsze informacje\u2026","rel":"","context":"Similar post","block_context":{"text":"Similar post","link":""},"img":{"alt_text":"","src":"","width":0,"height":0},"classes":[]},{"id":31,"url":"https:\/\/naukowka.pl\/index.php\/o-mnie\/","url_meta":{"origin":2189,"position":1},"title":"O mnie","author":"naukowka.pl","date":"3 sierpnia 2017","format":false,"excerpt":"Cze\u015b\u0107! Bardzo mi\u0142o Ci\u0119 tu widzie\u0107! Nazywam si\u0119 Paulina Mozolewska i jestem doktork\u0105 nauk biologicznych oraz dziennikark\u0105 naukow\u0105. Rok temu postanowi\u0142am zmieni\u0107 swoje \u017cycie, a swoimi przygodami na trasie podzieli\u0107 si\u0119 w\u0142a\u015bnie z Tob\u0105. Zanim jednak zacz\u0119\u0142o by\u0107 to mo\u017cliwe, musia\u0142am zrobi\u0107 wiele ma\u0142ych kroczk\u00f3w, kt\u00f3re pozwoli\u0142y mi przekszta\u0142ci\u0107 si\u0119\u2026","rel":"","context":"Similar post","block_context":{"text":"Similar post","link":""},"img":{"alt_text":"Dr Paulina Mozolewska - Szukam sposob\u00f3w na lepsze \u017cycie","src":"https:\/\/i0.wp.com\/naukowka.pl\/wp-content\/uploads\/2024\/02\/cropped-Beige-Aesthetic-Realistic-Brand-Mood-Board-Film-Photo-Collage-Facebook-Cover-2.png?fit=399%2C200&ssl=1&resize=350%2C200","width":350,"height":200},"classes":[]}],"_links":{"self":[{"href":"https:\/\/naukowka.pl\/index.php\/wp-json\/wp\/v2\/pages\/2189"}],"collection":[{"href":"https:\/\/naukowka.pl\/index.php\/wp-json\/wp\/v2\/pages"}],"about":[{"href":"https:\/\/naukowka.pl\/index.php\/wp-json\/wp\/v2\/types\/page"}],"author":[{"embeddable":true,"href":"https:\/\/naukowka.pl\/index.php\/wp-json\/wp\/v2\/users\/1"}],"replies":[{"embeddable":true,"href":"https:\/\/naukowka.pl\/index.php\/wp-json\/wp\/v2\/comments?post=2189"}],"version-history":[{"count":4,"href":"https:\/\/naukowka.pl\/index.php\/wp-json\/wp\/v2\/pages\/2189\/revisions"}],"predecessor-version":[{"id":2194,"href":"https:\/\/naukowka.pl\/index.php\/wp-json\/wp\/v2\/pages\/2189\/revisions\/2194"}],"wp:attachment":[{"href":"https:\/\/naukowka.pl\/index.php\/wp-json\/wp\/v2\/media?parent=2189"}],"curies":[{"name":"wp","href":"https:\/\/api.w.org\/{rel}","templated":true}]}}