{"id":31,"date":"2017-08-03T12:16:32","date_gmt":"2017-08-03T10:16:32","guid":{"rendered":"http:\/\/naukowka.pl\/?page_id=31"},"modified":"2025-09-27T11:56:36","modified_gmt":"2025-09-27T09:56:36","slug":"o-mnie","status":"publish","type":"page","link":"https:\/\/naukowka.pl\/index.php\/o-mnie\/","title":{"rendered":"O mnie"},"content":{"rendered":"<p><strong>Cze\u015b\u0107!<\/strong><\/p>\n<p>Bardzo mi\u0142o Ci\u0119 tu widzie\u0107!<\/p>\n<p>Nazywam si\u0119 <strong>Paulina Mozolewska<\/strong> i jestem doktork\u0105 nauk biologicznych oraz dziennikark\u0105 naukow\u0105. <\/p>\n<p><img loading=\"lazy\" decoding=\"async\" data-attachment-id=\"2500\" data-permalink=\"https:\/\/naukowka.pl\/index.php\/o-mnie\/img_0061\/\" data-orig-file=\"https:\/\/i0.wp.com\/naukowka.pl\/wp-content\/uploads\/2024\/07\/IMG_0061-scaled.jpg?fit=1920%2C2560&amp;ssl=1\" data-orig-size=\"1920,2560\" data-comments-opened=\"1\" data-image-meta=\"{&quot;aperture&quot;:&quot;1.6&quot;,&quot;credit&quot;:&quot;&quot;,&quot;camera&quot;:&quot;iPhone 12 mini&quot;,&quot;caption&quot;:&quot;&quot;,&quot;created_timestamp&quot;:&quot;1718306188&quot;,&quot;copyright&quot;:&quot;&quot;,&quot;focal_length&quot;:&quot;4.2&quot;,&quot;iso&quot;:&quot;32&quot;,&quot;shutter_speed&quot;:&quot;0.00019798059790141&quot;,&quot;title&quot;:&quot;&quot;,&quot;orientation&quot;:&quot;1&quot;}\" data-image-title=\"IMG_0061\" data-image-description=\"\" data-image-caption=\"\" data-medium-file=\"https:\/\/i0.wp.com\/naukowka.pl\/wp-content\/uploads\/2024\/07\/IMG_0061-scaled.jpg?fit=225%2C300&amp;ssl=1\" data-large-file=\"https:\/\/i0.wp.com\/naukowka.pl\/wp-content\/uploads\/2024\/07\/IMG_0061-scaled.jpg?fit=697%2C929&amp;ssl=1\" class=\"alignnone size-large wp-image-2500\" src=\"https:\/\/i0.wp.com\/naukowka.pl\/wp-content\/uploads\/2024\/07\/IMG_0061.jpg?resize=697%2C929&#038;ssl=1\" alt=\"\" width=\"697\" height=\"929\" srcset=\"https:\/\/i0.wp.com\/naukowka.pl\/wp-content\/uploads\/2024\/07\/IMG_0061-scaled.jpg?resize=768%2C1024&amp;ssl=1 768w, https:\/\/i0.wp.com\/naukowka.pl\/wp-content\/uploads\/2024\/07\/IMG_0061-scaled.jpg?resize=225%2C300&amp;ssl=1 225w, https:\/\/i0.wp.com\/naukowka.pl\/wp-content\/uploads\/2024\/07\/IMG_0061-scaled.jpg?resize=1152%2C1536&amp;ssl=1 1152w, https:\/\/i0.wp.com\/naukowka.pl\/wp-content\/uploads\/2024\/07\/IMG_0061-scaled.jpg?resize=1536%2C2048&amp;ssl=1 1536w, https:\/\/i0.wp.com\/naukowka.pl\/wp-content\/uploads\/2024\/07\/IMG_0061-scaled.jpg?w=1920&amp;ssl=1 1920w, https:\/\/i0.wp.com\/naukowka.pl\/wp-content\/uploads\/2024\/07\/IMG_0061-scaled.jpg?w=1394&amp;ssl=1 1394w\" sizes=\"(max-width: 697px) 100vw, 697px\" data-recalc-dims=\"1\" \/><\/p>\n<p>Rok temu postanowi\u0142am zmieni\u0107 swoje \u017cycie, a swoimi przygodami na trasie podzieli\u0107 si\u0119 w\u0142a\u015bnie z Tob\u0105.<\/p>\n<p>Zanim jednak zacz\u0119\u0142o by\u0107 to mo\u017cliwe, musia\u0142am zrobi\u0107 wiele ma\u0142ych kroczk\u00f3w, kt\u00f3re pozwoli\u0142y mi przekszta\u0142ci\u0107 si\u0119 z osoby przek\u0142adaj\u0105cej marzenia na wieczne &#8222;potem&#8221; w osob\u0119, kt\u00f3ra bierze odpowiedzialno\u015b\u0107 za swoje \u017cycie.<\/p>\n<p>Historia mojej przemiany wci\u0105\u017c trwa, a ja dopiero od niedawna zacz\u0119\u0142am mie\u0107 odwag\u0119 zacz\u0105\u0107 o tym opowiada\u0107. Robi\u0119 to m.in. na swoim kanale na<strong> <a href=\"https:\/\/www.youtube.com\/channel\/UC19b1kmCX2hKlWyFQQmgf1A\" target=\"_blank\" rel=\"noopener\">YouTube<\/a>\u00a0<\/strong>oraz w moim newsletterze (zapraszam Ci\u0119 do do\u0142\u0105czenia do jego odbiorc\u00f3w).<\/p>\n<p>Moj\u0105 misj\u0105 jest inspirowanie do dobrego \u017cycia, do \u017cycia na w\u0142asnych zasadach i \u017cycia odwa\u017cnego.\u00a0Je\u015bli wi\u0119c po ciuchu marzysz o tym, \u017ceby co\u015b w swoim \u017cyciu zmieni\u0107, niezale\u017cnie od tego, co to jest, to miejsce jest w\u0142a\u015bnie dla Ciebie. Chc\u0119 pom\u00f3c Ci wykreowa\u0107 swoj\u0105 wymarzon\u0105 rzeczywisto\u015b\u0107.<\/p>\n<p>Nie b\u0119d\u0119 oszukiwa\u0107, ta droga czasami jest trudna, bywa nu\u017c\u0105ca, ale efekty s\u0105 warte ka\u017cdego po\u015bwi\u0119cenia. Nie martw si\u0119 jednak za bardzo, zaczniemy od naprawd\u0119 ma\u0142ych krok\u00f3w, a ja b\u0119d\u0119 Ci w tej drodze towarzyszy\u0107 i wspiera\u0107, kiedy znajdzie Ci\u0119 gorszy moment.<\/p>\n<p><b>To co, idziemy?<\/b><\/p>\n<h1>Zawodowo&#8230;<\/h1>\n<p>By\u0142am naukopwczyni\u0105, doktorat z nauk biologicznych obroni\u0142am w 2018 roku. Od tego czasu pracowa\u0142am na uczelni, w social mediach, kilku uczelniach, w Akwarium Gdy\u0144skim oraz Gazecie Wyborczej. Lubi\u0119 m\u00f3wi\u0107 i pisa\u0107 o nauce, pasjonuje mnie filozofowanie i rozk\u0142adanie spraw na tryliony kawa\u0142k\u00f3w. Potrafi\u0119 patrze\u0107 na \u015bwiat z wielu r\u00f3\u017cnych punkt\u00f3w widzenia i cz\u0119sto wykorzystuj\u0119 to w pracy. Publikowa\u0142am m.in. w <a href=\"https:\/\/www.focus.pl\/artykul\/czy-nowy-lek-na-raka-bedzie-oparty-na-zelazie-tajemnicze-zjawisko-ferroptozy\" target=\"_blank\" rel=\"noopener\">Fokusie<\/a>, <a href=\"https:\/\/www.tygodnikpowszechny.pl\/czekajac-na-rewolucje-170474\" target=\"_blank\" rel=\"noopener\">Tygodniku Powszechnym<\/a>, <a href=\"https:\/\/autorzy.wyborcza.pl\/autor\/60e006d1f5e4e50675d48560\/Paulina-Mozolewska?gad_source=1&amp;gbraid=0AAAAADHmirABY22eKBUsqn7fCUHWD_isM&amp;gclid=CjwKCAjwqf20BhBwEiwAt7dtda01fvyUSs8dPZQIgckDvrrFPjA7U8IjrOjPusujy4T1DAIsnBOYMBoCDDYQAvD_BwE\" target=\"_blank\" rel=\"noopener\">Gazecie Wyborczej<\/a>, <a href=\"https:\/\/wyborcza.pl\/magazyn\/7,124059,31059422,dilerzy-lacza-go-z-metamfetamina-pacjenci-oddzialow-ratunkowych.html?_gl=1*1j0uunw*_gcl_aw*R0NMLjE3MjE3NTk5MzEuQ2p3S0NBandxZjIwQmhCd0Vpd0F0N2R0ZGEwMWZ2eVVTczhkUFpRSWdja0R2cnJGUGpBN1U4SWpyT2pQdXN1ank0VDFEQUlzbkJPWU1Cb0NERFlRQXZEX0J3RQ..*_gcl_au*MTAxMzM0NTI4Ny4xNzE5MTYzODEw*_ga*MTM3MDkzNTQ3OS4xNzE4Njg5NDk4*_ga_6R71ZMJ3KN*MTcyMTc1OTkzMS41NS4wLjE3MjE3NTk5MzEuMC4wLjA.&amp;_ga=2.3153523.2114933427.1721724627-1370935479.1718689498&amp;_gac=1.263276158.1721759931.CjwKCAjwqf20BhBwEiwAt7dtda01fvyUSs8dPZQIgckDvrrFPjA7U8IjrOjPusujy4T1DAIsnBOYMBoCDDYQAvD_BwE\" target=\"_blank\" rel=\"noopener\">Wolnej Sobocie<\/a>, <a href=\"https:\/\/prenumeruj.forumakademickie.pl\/fa\/2019\/09\/za-drzwiami-laboratorium\/\" target=\"_blank\" rel=\"noopener\">Forum Akademickim<\/a> oraz na portalach <a href=\"https:\/\/www.euractiv.com\/authors\/paulina-mozolewska\/\" target=\"_blank\" rel=\"noopener\">Euractiv.com<\/a> i <a href=\"https:\/\/highculture.pl\/autor\/paulina-mozolewska\/\" target=\"_blank\" rel=\"noopener\">High Culture<\/a>.<\/p>\n<p>Wi\u0119cej o moim zawodowym do\u015bwiadczeniu mo\u017cecie dowiedzie\u0107 si\u0119 z mojego profilu na <a href=\"https:\/\/www.linkedin.com\/in\/paulina-mozolewska\/\" target=\"_blank\" rel=\"noopener\">LinkedIn.<\/a> Poza tym zapraszam Ci\u0119 na sw\u00f3j <a href=\"https:\/\/www.instagram.com\/dr_paulina.mozolewska\/\" target=\"_blank\" rel=\"noopener\">Instagram<\/a> oraz profil za <a href=\"https:\/\/www.facebook.com\/drPaulinaMozolewska\" target=\"_blank\" rel=\"noopener\">Facebooku<\/a>.<\/p>\n<p><img loading=\"lazy\" decoding=\"async\" data-attachment-id=\"2374\" data-permalink=\"https:\/\/naukowka.pl\/index.php\/o-mnie\/attachment\/1\/\" data-orig-file=\"https:\/\/i0.wp.com\/naukowka.pl\/wp-content\/uploads\/2020\/04\/1.png?fit=960%2C960&amp;ssl=1\" data-orig-size=\"960,960\" data-comments-opened=\"1\" data-image-meta=\"{&quot;aperture&quot;:&quot;0&quot;,&quot;credit&quot;:&quot;&quot;,&quot;camera&quot;:&quot;&quot;,&quot;caption&quot;:&quot;&quot;,&quot;created_timestamp&quot;:&quot;0&quot;,&quot;copyright&quot;:&quot;&quot;,&quot;focal_length&quot;:&quot;0&quot;,&quot;iso&quot;:&quot;0&quot;,&quot;shutter_speed&quot;:&quot;0&quot;,&quot;title&quot;:&quot;&quot;,&quot;orientation&quot;:&quot;0&quot;}\" data-image-title=\"1\" data-image-description=\"\" data-image-caption=\"\" data-medium-file=\"https:\/\/i0.wp.com\/naukowka.pl\/wp-content\/uploads\/2020\/04\/1.png?fit=300%2C300&amp;ssl=1\" data-large-file=\"https:\/\/i0.wp.com\/naukowka.pl\/wp-content\/uploads\/2020\/04\/1.png?fit=697%2C697&amp;ssl=1\" class=\"aligncenter wp-image-2374 size-medium\" src=\"https:\/\/i0.wp.com\/naukowka.pl\/wp-content\/uploads\/2020\/04\/1-300x300.png?resize=300%2C300\" alt=\"Paulina Mozolewska\" width=\"300\" height=\"300\" srcset=\"https:\/\/i0.wp.com\/naukowka.pl\/wp-content\/uploads\/2020\/04\/1.png?resize=300%2C300&amp;ssl=1 300w, https:\/\/i0.wp.com\/naukowka.pl\/wp-content\/uploads\/2020\/04\/1.png?resize=150%2C150&amp;ssl=1 150w, https:\/\/i0.wp.com\/naukowka.pl\/wp-content\/uploads\/2020\/04\/1.png?resize=768%2C768&amp;ssl=1 768w, https:\/\/i0.wp.com\/naukowka.pl\/wp-content\/uploads\/2020\/04\/1.png?w=960&amp;ssl=1 960w\" sizes=\"(max-width: 300px) 100vw, 300px\" data-recalc-dims=\"1\" \/><\/p>\n<p>Je\u015bli masz jakie\u015b pytania, propozycj\u0119 wsp\u00f3\u0142pracy albo po prostu chcesz pogada\u0107, napisz do mnie na <strong>kontakt@paulinamozolewska.pl<\/strong><\/p>\n<p>\u015aciskam!<\/p>\n<!-- AddThis Advanced Settings generic via filter on the_content --><!-- AddThis Share Buttons generic via filter on the_content -->","protected":false},"excerpt":{"rendered":"<p>Cze\u015b\u0107! Bardzo mi\u0142o Ci\u0119 tu widzie\u0107! Nazywam si\u0119 Paulina Mozolewska i jestem doktork\u0105 nauk biologicznych oraz dziennikark\u0105 naukow\u0105. Rok temu postanowi\u0142am zmieni\u0107 swoje \u017cycie, a swoimi przygodami na trasie podzieli\u0107 si\u0119 w\u0142a\u015bnie z Tob\u0105. Zanim jednak zacz\u0119\u0142o by\u0107 to mo\u017cliwe, musia\u0142am zrobi\u0107 wiele ma\u0142ych kroczk\u00f3w, kt\u00f3re pozwoli\u0142y mi przekszta\u0142ci\u0107 si\u0119 z osoby przek\u0142adaj\u0105cej marzenia na [&hellip;]<!-- AddThis Advanced Settings generic via filter on wp_trim_excerpt --><!-- AddThis Share Buttons generic via filter on wp_trim_excerpt --><\/p>\n","protected":false},"author":1,"featured_media":2498,"parent":0,"menu_order":0,"comment_status":"closed","ping_status":"closed","template":"","meta":{"jetpack_post_was_ever_published":false,"footnotes":""},"aioseo_notices":[],"jetpack_sharing_enabled":true,"jetpack_shortlink":"https:\/\/wp.me\/P9dSie-v","jetpack_likes_enabled":true,"jetpack-related-posts":[{"id":2189,"url":"https:\/\/naukowka.pl\/index.php\/wspolpraca\/","url_meta":{"origin":31,"position":0},"title":"Wsp\u00f3\u0142praca","author":"naukowka.pl","date":"20 sierpnia 2019","format":false,"excerpt":"Jestem doktorem nauk biologicznych oraz specjalistk\u0105 od PR i medi\u00f3w spo\u0142eczno\u015bciowych specjalizuj\u0105c\u0105 si\u0119 w tematach zwi\u0105zanych z nauk\u0105 i edukacj\u0105. R\u00f3\u017cnorodno\u015b\u0107 mojego do\u015bwiadczenia pozwala mi wype\u0142nia\u0107 mieszank\u0119 potrzeb \u015brodowiska naukowc\u00f3w, marketingowc\u00f3w, czy dziennikarzy. Szkoli\u0142am si\u0119 z komunikacji naukowej, wyst\u0119p\u00f3w medialnych, wykorzystania tzw. nowych medi\u00f3w do promocji nauki, tworzeniu reklam w\u2026","rel":"","context":"Similar post","block_context":{"text":"Similar post","link":""},"img":{"alt_text":"autorka w studiu Pytania na \u00c5\u009bniadanie","src":"https:\/\/i0.wp.com\/naukowka.pl\/wp-content\/uploads\/2019\/08\/68296974_2447759528838938_3503727942326812672_n.png?resize=350%2C200","width":350,"height":200,"srcset":"https:\/\/i0.wp.com\/naukowka.pl\/wp-content\/uploads\/2019\/08\/68296974_2447759528838938_3503727942326812672_n.png?resize=350%2C200 1x, https:\/\/i0.wp.com\/naukowka.pl\/wp-content\/uploads\/2019\/08\/68296974_2447759528838938_3503727942326812672_n.png?resize=525%2C300 1.5x, https:\/\/i0.wp.com\/naukowka.pl\/wp-content\/uploads\/2019\/08\/68296974_2447759528838938_3503727942326812672_n.png?resize=700%2C400 2x"},"classes":[]},{"id":1974,"url":"https:\/\/naukowka.pl\/index.php\/polityka-prywatnosci\/","url_meta":{"origin":31,"position":1},"title":"Polityka prywatno\u015bci","author":"naukowka.pl","date":"9 sierpnia 2018","format":false,"excerpt":"Dzie\u0144 dobry, Wiem, \u017ce le\u017cy Ci na sercu poszanowanie Twoich danych osobowych, dlatego wszystko Ci tutaj wyt\u0142umacz\u0119. Administratorem strony naukowka.pl jest osoba fizyczna, czyli ja, Paulina J\u0119drak. W razie jakichkolwiek w\u0105tpliwo\u015bci zwi\u0105zanych z polityk\u0105 prywatno\u015bci, w ka\u017cdej chwili mo\u017cesz skontaktowa\u0107 si\u0119 ze mn\u0105, wysy\u0142aj\u0105c wiadomo\u015b\u0107 na adres: kontakt@naukowka.pl Najwa\u017cniejsze informacje\u2026","rel":"","context":"Similar post","block_context":{"text":"Similar post","link":""},"img":{"alt_text":"","src":"","width":0,"height":0},"classes":[]}],"_links":{"self":[{"href":"https:\/\/naukowka.pl\/index.php\/wp-json\/wp\/v2\/pages\/31"}],"collection":[{"href":"https:\/\/naukowka.pl\/index.php\/wp-json\/wp\/v2\/pages"}],"about":[{"href":"https:\/\/naukowka.pl\/index.php\/wp-json\/wp\/v2\/types\/page"}],"author":[{"embeddable":true,"href":"https:\/\/naukowka.pl\/index.php\/wp-json\/wp\/v2\/users\/1"}],"replies":[{"embeddable":true,"href":"https:\/\/naukowka.pl\/index.php\/wp-json\/wp\/v2\/comments?post=31"}],"version-history":[{"count":23,"href":"https:\/\/naukowka.pl\/index.php\/wp-json\/wp\/v2\/pages\/31\/revisions"}],"predecessor-version":[{"id":2505,"href":"https:\/\/naukowka.pl\/index.php\/wp-json\/wp\/v2\/pages\/31\/revisions\/2505"}],"wp:featuredmedia":[{"embeddable":true,"href":"https:\/\/naukowka.pl\/index.php\/wp-json\/wp\/v2\/media\/2498"}],"wp:attachment":[{"href":"https:\/\/naukowka.pl\/index.php\/wp-json\/wp\/v2\/media?parent=31"}],"curies":[{"name":"wp","href":"https:\/\/api.w.org\/{rel}","templated":true}]}}